{"id":840,"date":"2026-03-28T12:06:40","date_gmt":"2026-03-28T12:06:40","guid":{"rendered":"https:\/\/caamdraws.com\/?post_type=product&#038;p=840"},"modified":"2026-03-28T12:09:04","modified_gmt":"2026-03-28T12:09:04","slug":"planche-de-stickers-douceurs-de-printemps","status":"publish","type":"product","link":"https:\/\/caamdraws.com\/index.php\/produit\/planche-de-stickers-douceurs-de-printemps\/","title":{"rendered":"Planche de stickers &#8220;douceurs de printemps&#8221;"},"content":{"rendered":"<p data-start=\"149\" data-end=\"409\">Planche de Stickers sur le th\u00e8me du printemps, parfait pour embellir votre journaling pour le printemps.<\/p>\n<ul>\n<li>Finition avec protection brillante<\/li>\n<li data-start=\"530\" data-end=\"590\">\n<p data-start=\"532\" data-end=\"590\">R\u00e9sistant aux \u00e9claboussures<\/p>\n<\/li>\n<li data-start=\"591\" data-end=\"631\">\n<p data-start=\"593\" data-end=\"631\">Illustration originale r\u00e9alis\u00e9e en digitale<\/p>\n<\/li>\n<li data-start=\"591\" data-end=\"631\">Impression et d\u00e9coupe artisanales<\/li>\n<li>Planche de 17 \u00e9l\u00e9ments d\u00e9tachables autocollants<\/li>\n<\/ul>\n","protected":false},"excerpt":{"rendered":"<p>Planche de Stickers sur le th\u00e8me du printemps, parfait pour embellir votre journaling pour le printemps. Finition avec protection brillante R\u00e9sistant aux \u00e9claboussures Illustration originale r\u00e9alis\u00e9e en digitale Impression et d\u00e9coupe artisanales Planche de 17 \u00e9l\u00e9ments d\u00e9tachables autocollants<\/p>\n","protected":false},"featured_media":841,"template":"","meta":{"_et_pb_use_builder":"off","_et_pb_old_content":"<p data-start=\"149\" data-end=\"409\">Illustration de Hina, le B\u00e9b\u00e9bou Noix de Coco et ses essentiels.<\/p>\r\n\r\n<ul>\r\n \t<li>Finition avec protection brillante<\/li>\r\n \t<li data-start=\"530\" data-end=\"590\">\r\n<p data-start=\"532\" data-end=\"590\">R\u00e9sistant aux \u00e9claboussures<\/p>\r\n<\/li>\r\n \t<li data-start=\"591\" data-end=\"631\">\r\n<p data-start=\"593\" data-end=\"631\">Illustration originale r\u00e9alis\u00e9e en digitale<\/p>\r\n<\/li>\r\n \t<li data-start=\"591\" data-end=\"631\">Impression et d\u00e9coupe artisanales<\/li>\r\n \t<li>Planche de 11 \u00e9l\u00e9ments d\u00e9tachables autocollants<\/li>\r\n<\/ul>","_et_gb_content_width":""},"product_brand":[],"product_cat":[30,25],"product_tag":[71,70,58,36],"class_list":{"0":"post-840","1":"product","2":"type-product","3":"status-publish","4":"has-post-thumbnail","6":"product_cat-planche-stickers","7":"product_cat-tous-les-produits","8":"product_tag-automne","9":"product_tag-journaling","10":"product_tag-planche","11":"product_tag-stickers","13":"first","14":"instock","15":"shipping-taxable","16":"purchasable","17":"product-type-simple"},"yoast_head":"<!-- This site is optimized with the Yoast SEO plugin v26.6 - https:\/\/yoast.com\/wordpress\/plugins\/seo\/ -->\n<title>Planche de stickers &quot;douceurs de printemps&quot; | CaamDraws<\/title>\n<meta name=\"robots\" content=\"index, follow, max-snippet:-1, max-image-preview:large, max-video-preview:-1\" \/>\n<link rel=\"canonical\" href=\"https:\/\/caamdraws.com\/index.php\/produit\/planche-de-stickers-douceurs-de-printemps\/\" \/>\n<meta property=\"og:locale\" content=\"fr_FR\" \/>\n<meta property=\"og:type\" content=\"article\" \/>\n<meta property=\"og:title\" content=\"Planche de stickers &quot;douceurs de printemps&quot; | CaamDraws\" \/>\n<meta property=\"og:description\" content=\"Planche de Stickers sur le th\u00e8me du printemps, parfait pour embellir votre journaling pour le printemps. Finition avec protection brillante R\u00e9sistant aux \u00e9claboussures Illustration originale r\u00e9alis\u00e9e en digitale Impression et d\u00e9coupe artisanales Planche de 17 \u00e9l\u00e9ments d\u00e9tachables autocollants\" \/>\n<meta property=\"og:url\" content=\"https:\/\/caamdraws.com\/index.php\/produit\/planche-de-stickers-douceurs-de-printemps\/\" \/>\n<meta property=\"og:site_name\" content=\"CaamDraws\" \/>\n<meta property=\"article:publisher\" content=\"https:\/\/www.facebook.com\/share\/1DJNmtrtHG\/?mibextid=wwXIfr\" \/>\n<meta property=\"article:modified_time\" content=\"2026-03-28T12:09:04+00:00\" \/>\n<meta property=\"og:image\" content=\"https:\/\/caamdraws.com\/wp-content\/uploads\/2026\/03\/IMG_2070-scaled.jpeg\" \/>\n\t<meta property=\"og:image:width\" content=\"2560\" \/>\n\t<meta property=\"og:image:height\" content=\"2560\" \/>\n\t<meta property=\"og:image:type\" content=\"image\/jpeg\" \/>\n<meta name=\"twitter:card\" content=\"summary_large_image\" \/>\n<meta name=\"twitter:label1\" content=\"Dur\u00e9e de lecture estim\u00e9e\" \/>\n\t<meta name=\"twitter:data1\" content=\"1 minute\" \/>\n<script type=\"application\/ld+json\" class=\"yoast-schema-graph\">{\"@context\":\"https:\/\/schema.org\",\"@graph\":[{\"@type\":\"WebPage\",\"@id\":\"https:\/\/caamdraws.com\/index.php\/produit\/planche-de-stickers-douceurs-de-printemps\/\",\"url\":\"https:\/\/caamdraws.com\/index.php\/produit\/planche-de-stickers-douceurs-de-printemps\/\",\"name\":\"Planche de stickers \\\"douceurs de printemps\\\" | CaamDraws\",\"isPartOf\":{\"@id\":\"https:\/\/caamdraws.com\/#website\"},\"primaryImageOfPage\":{\"@id\":\"https:\/\/caamdraws.com\/index.php\/produit\/planche-de-stickers-douceurs-de-printemps\/#primaryimage\"},\"image\":{\"@id\":\"https:\/\/caamdraws.com\/index.php\/produit\/planche-de-stickers-douceurs-de-printemps\/#primaryimage\"},\"thumbnailUrl\":\"https:\/\/caamdraws.com\/wp-content\/uploads\/2026\/03\/IMG_2070-scaled.jpeg\",\"datePublished\":\"2026-03-28T12:06:40+00:00\",\"dateModified\":\"2026-03-28T12:09:04+00:00\",\"breadcrumb\":{\"@id\":\"https:\/\/caamdraws.com\/index.php\/produit\/planche-de-stickers-douceurs-de-printemps\/#breadcrumb\"},\"inLanguage\":\"fr-FR\",\"potentialAction\":[{\"@type\":\"ReadAction\",\"target\":[\"https:\/\/caamdraws.com\/index.php\/produit\/planche-de-stickers-douceurs-de-printemps\/\"]}]},{\"@type\":\"ImageObject\",\"inLanguage\":\"fr-FR\",\"@id\":\"https:\/\/caamdraws.com\/index.php\/produit\/planche-de-stickers-douceurs-de-printemps\/#primaryimage\",\"url\":\"https:\/\/caamdraws.com\/wp-content\/uploads\/2026\/03\/IMG_2070-scaled.jpeg\",\"contentUrl\":\"https:\/\/caamdraws.com\/wp-content\/uploads\/2026\/03\/IMG_2070-scaled.jpeg\",\"width\":2560,\"height\":2560},{\"@type\":\"BreadcrumbList\",\"@id\":\"https:\/\/caamdraws.com\/index.php\/produit\/planche-de-stickers-douceurs-de-printemps\/#breadcrumb\",\"itemListElement\":[{\"@type\":\"ListItem\",\"position\":1,\"name\":\"Accueil\",\"item\":\"https:\/\/caamdraws.com\/\"},{\"@type\":\"ListItem\",\"position\":2,\"name\":\"Boutique\",\"item\":\"https:\/\/caamdraws.com\/index.php\/boutique\/\"},{\"@type\":\"ListItem\",\"position\":3,\"name\":\"Planche de stickers &#8220;douceurs de printemps&#8221;\"}]},{\"@type\":\"WebSite\",\"@id\":\"https:\/\/caamdraws.com\/#website\",\"url\":\"https:\/\/caamdraws.com\/\",\"name\":\"CaamDraws\",\"description\":\"Affiches &amp; Papeterie\",\"publisher\":{\"@id\":\"https:\/\/caamdraws.com\/#organization\"},\"potentialAction\":[{\"@type\":\"SearchAction\",\"target\":{\"@type\":\"EntryPoint\",\"urlTemplate\":\"https:\/\/caamdraws.com\/?s={search_term_string}\"},\"query-input\":{\"@type\":\"PropertyValueSpecification\",\"valueRequired\":true,\"valueName\":\"search_term_string\"}}],\"inLanguage\":\"fr-FR\"},{\"@type\":\"Organization\",\"@id\":\"https:\/\/caamdraws.com\/#organization\",\"name\":\"CaamDraws\",\"url\":\"https:\/\/caamdraws.com\/\",\"logo\":{\"@type\":\"ImageObject\",\"inLanguage\":\"fr-FR\",\"@id\":\"https:\/\/caamdraws.com\/#\/schema\/logo\/image\/\",\"url\":\"https:\/\/caamdraws.com\/wp-content\/uploads\/2025\/12\/cropped-Illustration_sans_titre.png\",\"contentUrl\":\"https:\/\/caamdraws.com\/wp-content\/uploads\/2025\/12\/cropped-Illustration_sans_titre.png\",\"width\":512,\"height\":512,\"caption\":\"CaamDraws\"},\"image\":{\"@id\":\"https:\/\/caamdraws.com\/#\/schema\/logo\/image\/\"},\"sameAs\":[\"https:\/\/www.facebook.com\/share\/1DJNmtrtHG\/?mibextid=wwXIfr\"]}]}<\/script>\n<!-- \/ Yoast SEO plugin. -->","yoast_head_json":{"title":"Planche de stickers \"douceurs de printemps\" | CaamDraws","robots":{"index":"index","follow":"follow","max-snippet":"max-snippet:-1","max-image-preview":"max-image-preview:large","max-video-preview":"max-video-preview:-1"},"canonical":"https:\/\/caamdraws.com\/index.php\/produit\/planche-de-stickers-douceurs-de-printemps\/","og_locale":"fr_FR","og_type":"article","og_title":"Planche de stickers \"douceurs de printemps\" | CaamDraws","og_description":"Planche de Stickers sur le th\u00e8me du printemps, parfait pour embellir votre journaling pour le printemps. Finition avec protection brillante R\u00e9sistant aux \u00e9claboussures Illustration originale r\u00e9alis\u00e9e en digitale Impression et d\u00e9coupe artisanales Planche de 17 \u00e9l\u00e9ments d\u00e9tachables autocollants","og_url":"https:\/\/caamdraws.com\/index.php\/produit\/planche-de-stickers-douceurs-de-printemps\/","og_site_name":"CaamDraws","article_publisher":"https:\/\/www.facebook.com\/share\/1DJNmtrtHG\/?mibextid=wwXIfr","article_modified_time":"2026-03-28T12:09:04+00:00","og_image":[{"width":2560,"height":2560,"url":"https:\/\/caamdraws.com\/wp-content\/uploads\/2026\/03\/IMG_2070-scaled.jpeg","type":"image\/jpeg"}],"twitter_card":"summary_large_image","twitter_misc":{"Dur\u00e9e de lecture estim\u00e9e":"1 minute"},"schema":{"@context":"https:\/\/schema.org","@graph":[{"@type":"WebPage","@id":"https:\/\/caamdraws.com\/index.php\/produit\/planche-de-stickers-douceurs-de-printemps\/","url":"https:\/\/caamdraws.com\/index.php\/produit\/planche-de-stickers-douceurs-de-printemps\/","name":"Planche de stickers \"douceurs de printemps\" | CaamDraws","isPartOf":{"@id":"https:\/\/caamdraws.com\/#website"},"primaryImageOfPage":{"@id":"https:\/\/caamdraws.com\/index.php\/produit\/planche-de-stickers-douceurs-de-printemps\/#primaryimage"},"image":{"@id":"https:\/\/caamdraws.com\/index.php\/produit\/planche-de-stickers-douceurs-de-printemps\/#primaryimage"},"thumbnailUrl":"https:\/\/caamdraws.com\/wp-content\/uploads\/2026\/03\/IMG_2070-scaled.jpeg","datePublished":"2026-03-28T12:06:40+00:00","dateModified":"2026-03-28T12:09:04+00:00","breadcrumb":{"@id":"https:\/\/caamdraws.com\/index.php\/produit\/planche-de-stickers-douceurs-de-printemps\/#breadcrumb"},"inLanguage":"fr-FR","potentialAction":[{"@type":"ReadAction","target":["https:\/\/caamdraws.com\/index.php\/produit\/planche-de-stickers-douceurs-de-printemps\/"]}]},{"@type":"ImageObject","inLanguage":"fr-FR","@id":"https:\/\/caamdraws.com\/index.php\/produit\/planche-de-stickers-douceurs-de-printemps\/#primaryimage","url":"https:\/\/caamdraws.com\/wp-content\/uploads\/2026\/03\/IMG_2070-scaled.jpeg","contentUrl":"https:\/\/caamdraws.com\/wp-content\/uploads\/2026\/03\/IMG_2070-scaled.jpeg","width":2560,"height":2560},{"@type":"BreadcrumbList","@id":"https:\/\/caamdraws.com\/index.php\/produit\/planche-de-stickers-douceurs-de-printemps\/#breadcrumb","itemListElement":[{"@type":"ListItem","position":1,"name":"Accueil","item":"https:\/\/caamdraws.com\/"},{"@type":"ListItem","position":2,"name":"Boutique","item":"https:\/\/caamdraws.com\/index.php\/boutique\/"},{"@type":"ListItem","position":3,"name":"Planche de stickers &#8220;douceurs de printemps&#8221;"}]},{"@type":"WebSite","@id":"https:\/\/caamdraws.com\/#website","url":"https:\/\/caamdraws.com\/","name":"CaamDraws","description":"Affiches &amp; Papeterie","publisher":{"@id":"https:\/\/caamdraws.com\/#organization"},"potentialAction":[{"@type":"SearchAction","target":{"@type":"EntryPoint","urlTemplate":"https:\/\/caamdraws.com\/?s={search_term_string}"},"query-input":{"@type":"PropertyValueSpecification","valueRequired":true,"valueName":"search_term_string"}}],"inLanguage":"fr-FR"},{"@type":"Organization","@id":"https:\/\/caamdraws.com\/#organization","name":"CaamDraws","url":"https:\/\/caamdraws.com\/","logo":{"@type":"ImageObject","inLanguage":"fr-FR","@id":"https:\/\/caamdraws.com\/#\/schema\/logo\/image\/","url":"https:\/\/caamdraws.com\/wp-content\/uploads\/2025\/12\/cropped-Illustration_sans_titre.png","contentUrl":"https:\/\/caamdraws.com\/wp-content\/uploads\/2025\/12\/cropped-Illustration_sans_titre.png","width":512,"height":512,"caption":"CaamDraws"},"image":{"@id":"https:\/\/caamdraws.com\/#\/schema\/logo\/image\/"},"sameAs":["https:\/\/www.facebook.com\/share\/1DJNmtrtHG\/?mibextid=wwXIfr"]}]}},"_links":{"self":[{"href":"https:\/\/caamdraws.com\/index.php\/wp-json\/wp\/v2\/product\/840","targetHints":{"allow":["GET"]}}],"collection":[{"href":"https:\/\/caamdraws.com\/index.php\/wp-json\/wp\/v2\/product"}],"about":[{"href":"https:\/\/caamdraws.com\/index.php\/wp-json\/wp\/v2\/types\/product"}],"wp:featuredmedia":[{"embeddable":true,"href":"https:\/\/caamdraws.com\/index.php\/wp-json\/wp\/v2\/media\/841"}],"wp:attachment":[{"href":"https:\/\/caamdraws.com\/index.php\/wp-json\/wp\/v2\/media?parent=840"}],"wp:term":[{"taxonomy":"product_brand","embeddable":true,"href":"https:\/\/caamdraws.com\/index.php\/wp-json\/wp\/v2\/product_brand?post=840"},{"taxonomy":"product_cat","embeddable":true,"href":"https:\/\/caamdraws.com\/index.php\/wp-json\/wp\/v2\/product_cat?post=840"},{"taxonomy":"product_tag","embeddable":true,"href":"https:\/\/caamdraws.com\/index.php\/wp-json\/wp\/v2\/product_tag?post=840"}],"curies":[{"name":"wp","href":"https:\/\/api.w.org\/{rel}","templated":true}]}}